{"id":16861,"date":"2023-06-15T07:13:54","date_gmt":"2023-06-15T07:13:54","guid":{"rendered":"https:\/\/dhofardelight.com\/v2\/payment-method\/"},"modified":"2023-07-25T08:58:16","modified_gmt":"2023-07-25T08:58:16","slug":"payment-method","status":"publish","type":"page","link":"https:\/\/dhofardelight.com\/fr\/payment-method\/","title":{"rendered":"Payment Method"},"content":{"rendered":"\t\t<div data-elementor-type=\"wp-page\" data-elementor-id=\"16861\" class=\"elementor elementor-16861 elementor-15335\">\n\t\t\t\t<div class=\"elementor-element elementor-element-c814f05 e-flex e-con-boxed e-con e-parent\" data-id=\"c814f05\" data-element_type=\"container\" data-e-type=\"container\">\n\t\t\t\t\t<div class=\"e-con-inner\">\n\t\t<div class=\"elementor-element elementor-element-8483ad7 e-con-full e-flex e-con e-parent\" data-id=\"8483ad7\" data-element_type=\"container\" data-e-type=\"container\">\n\t\t\t\t<div class=\"elementor-element elementor-element-4308f35 elementor-widget elementor-widget-heading\" data-id=\"4308f35\" data-element_type=\"widget\" data-e-type=\"widget\" data-widget_type=\"heading.default\">\n\t\t\t\t<div class=\"elementor-widget-container\">\n\t\t\t\t\t<h2 class=\"elementor-heading-title elementor-size-default\">Payment Methods\n<\/h2>\t\t\t\t<\/div>\n\t\t\t\t<\/div>\n\t\t\t\t<div class=\"elementor-element elementor-element-2bf57c0 elementor-widget elementor-widget-heading\" data-id=\"2bf57c0\" data-element_type=\"widget\" data-e-type=\"widget\" data-widget_type=\"heading.default\">\n\t\t\t\t<div class=\"elementor-widget-container\">\n\t\t\t\t\t<p class=\"elementor-heading-title elementor-size-default\">We accept payments by cash or Bank transfer:\n\n<\/p>\t\t\t\t<\/div>\n\t\t\t\t<\/div>\n\t\t\t\t<div class=\"elementor-element elementor-element-7bc7913 elementor-widget elementor-widget-text-editor\" data-id=\"7bc7913\" data-element_type=\"widget\" data-e-type=\"widget\" data-widget_type=\"text-editor.default\">\n\t\t\t\t<div class=\"elementor-widget-container\">\n\t\t\t\t\t\t\t\t\t<ol><li>Bank Transfer<br \/>DHOFAR DELIGHT TOURISM<br \/>A\/C: 01041387003001<br \/>Bank Dhofar<\/li><li>PayPal<br \/>After contcating us and confirming your price for your chosen trip, please click the button below and enter the price you should pay in the next page.<p><em>After transfering the money please contact us over phone: <\/em><strong><em>0096899482446<\/em><\/strong><\/p><\/li><\/ol>\t\t\t\t\t\t\t\t<\/div>\n\t\t\t\t<\/div>\n\t\t\t\t<div class=\"elementor-element elementor-element-ecdb8dd elementor-widget elementor-widget-image\" data-id=\"ecdb8dd\" data-element_type=\"widget\" data-e-type=\"widget\" data-widget_type=\"image.default\">\n\t\t\t\t<div class=\"elementor-widget-container\">\n\t\t\t\t\t\t\t\t\t\t\t\t\t\t\t<img decoding=\"async\" src=\"https:\/\/dhofardelight.com\/wp-content\/uploads\/2023\/06\/visa.jpg\" title=\"visa\" alt=\"visa\" loading=\"lazy\" \/>\t\t\t\t\t\t\t\t\t\t\t\t\t\t\t<\/div>\n\t\t\t\t<\/div>\n\t\t\t\t<\/div>\n\t\t<div class=\"elementor-element elementor-element-48281e0 e-con-full e-flex e-con e-parent\" data-id=\"48281e0\" data-element_type=\"container\" data-e-type=\"container\">\n\t\t\t\t<div class=\"elementor-element elementor-element-ae41ea2 elementor-widget elementor-widget-shortcode\" data-id=\"ae41ea2\" data-element_type=\"widget\" data-e-type=\"widget\" data-widget_type=\"shortcode.default\">\n\t\t\t\t<div class=\"elementor-widget-container\">\n\t\t\t\t\t\t\t<div class=\"elementor-shortcode\">\n<div class=\"wpcf7 no-js\" id=\"wpcf7-f17303-o1\" lang=\"fr-FR\" dir=\"ltr\" data-wpcf7-id=\"17303\">\n<div class=\"screen-reader-response\"><p role=\"status\" aria-live=\"polite\" aria-atomic=\"true\"><\/p> <ul><\/ul><\/div>\n<form action=\"\/fr\/wp-json\/wp\/v2\/pages\/16861#wpcf7-f17303-o1\" method=\"post\" class=\"wpcf7-form init\" aria-label=\"Formulaire de contact\" novalidate=\"novalidate\" data-status=\"init\">\n<fieldset class=\"hidden-fields-container\"><input type=\"hidden\" name=\"_wpcf7\" value=\"17303\" \/><input type=\"hidden\" name=\"_wpcf7_version\" value=\"6.1.5\" \/><input type=\"hidden\" name=\"_wpcf7_locale\" value=\"fr_FR\" \/><input type=\"hidden\" name=\"_wpcf7_unit_tag\" value=\"wpcf7-f17303-o1\" \/><input type=\"hidden\" name=\"_wpcf7_container_post\" value=\"0\" \/><input type=\"hidden\" name=\"_wpcf7_posted_data_hash\" value=\"\" \/><input type=\"hidden\" name=\"_wpcf7_recaptcha_response\" value=\"\" \/>\n<\/fieldset>\n<div class=\"st-contact-form st-border-new\">\n\t<h3>Envoyer un message<br \/>\n\t\t<div class=\"mt30\">\n\t\t\t<div class=\"row\">\n\t\t\t\t<div class=\"col-md-6\">\n\t\t\t\t\t<div class=\"form-group\">\n\t\t\t\t\t\t<p><span class=\"wpcf7-form-control-wrap\" data-name=\"your-name\"><input size=\"40\" maxlength=\"400\" class=\"wpcf7-form-control wpcf7-text form-control\" id=\"name\" aria-invalid=\"false\" placeholder=\"Votre nom*\" value=\"\" type=\"text\" name=\"your-name\" \/><\/span>\n\t\t\t\t\t\t<\/p>\n\t\t\t\t\t<\/div>\n\t\t\t\t<\/div>\n\t\t\t\t<div class=\"col-md-6\">\n\t\t\t\t\t<div class=\"form-group\">\n\t\t\t\t\t\t<p><span class=\"wpcf7-form-control-wrap\" data-name=\"your-phone\"><input size=\"40\" maxlength=\"400\" class=\"wpcf7-form-control wpcf7-tel wpcf7-text wpcf7-validates-as-tel form-control\" id=\"phone\" aria-invalid=\"false\" placeholder=\"Num\u00e9ro de t\u00e9l\u00e9phone\" value=\"\" type=\"tel\" name=\"your-phone\" \/><\/span>\n\t\t\t\t\t\t<\/p>\n\t\t\t\t\t<\/div>\n\t\t\t\t<\/div>\n\t\t\t<\/div>\n\t\t\t<div class=\"row\">\n\t\t\t\t<div class=\"col-md-12\">\n\t\t\t\t\t<div class=\"form-group\">\n\t\t\t\t\t\t<p><span class=\"wpcf7-form-control-wrap\" data-name=\"email-139\"><input size=\"40\" maxlength=\"400\" class=\"wpcf7-form-control wpcf7-email wpcf7-validates-as-required wpcf7-text wpcf7-validates-as-email form-control\" id=\"email\" aria-required=\"true\" aria-invalid=\"false\" placeholder=\"Votre email*\" value=\"\" type=\"email\" name=\"email-139\" \/><\/span>\n\t\t\t\t\t\t<\/p>\n\t\t\t\t\t<\/div>\n\t\t\t\t<\/div>\n\t\t\t<\/div>\n\t\t\t<div class=\"form-group\">\n\t\t\t\t<p><span class=\"wpcf7-form-control-wrap\" data-name=\"message\"><textarea cols=\"40\" rows=\"10\" maxlength=\"2000\" class=\"wpcf7-form-control wpcf7-textarea form-control\" id=\"message\" aria-invalid=\"false\" placeholder=\"Message\" name=\"message\"><\/textarea><\/span>\n\t\t\t\t<\/p>\n\t\t\t<\/div>\n\t\t\t<div class=\"st-button-subbmit\">\n\t\t\t\t<p><input class=\"wpcf7-form-control wpcf7-submit has-spinner btn text-center btn-v2 btn-primary\" type=\"submit\" value=\"Submit\" \/>\n\t\t\t\t<\/p>\n\t\t\t<\/div>\n\t\t<\/div>\n\t<\/h3>\n<\/div><div class=\"wpcf7-response-output\" aria-hidden=\"true\"><\/div>\n<\/form>\n<\/div>\n<\/div>\n\t\t\t\t\t\t<\/div>\n\t\t\t\t<\/div>\n\t\t\t\t<\/div>\n\t\t\t\t\t<\/div>\n\t\t\t\t<\/div>\n\t\t\t\t<\/div>\n\t\t","protected":false},"excerpt":{"rendered":"<p>Payment Methods We accept payments by cash or Bank transfer: Bank TransferDHOFAR DELIGHT TOURISMA\/C: 01041387003001Bank Dhofar PayPalAfter contcating us and confirming your price for your chosen trip, please click the button below and enter the price you should pay in the next page. After transfering the money please contact us over phone: 0096899482446<\/p>\n","protected":false},"author":1,"featured_media":16768,"parent":0,"menu_order":0,"comment_status":"closed","ping_status":"closed","template":"","meta":{"footnotes":""},"class_list":["post-16861","page","type-page","status-publish","has-post-thumbnail","hentry"],"aioseo_notices":[],"_links":{"self":[{"href":"https:\/\/dhofardelight.com\/fr\/wp-json\/wp\/v2\/pages\/16861","targetHints":{"allow":["GET"]}}],"collection":[{"href":"https:\/\/dhofardelight.com\/fr\/wp-json\/wp\/v2\/pages"}],"about":[{"href":"https:\/\/dhofardelight.com\/fr\/wp-json\/wp\/v2\/types\/page"}],"author":[{"embeddable":true,"href":"https:\/\/dhofardelight.com\/fr\/wp-json\/wp\/v2\/users\/1"}],"replies":[{"embeddable":true,"href":"https:\/\/dhofardelight.com\/fr\/wp-json\/wp\/v2\/comments?post=16861"}],"version-history":[{"count":7,"href":"https:\/\/dhofardelight.com\/fr\/wp-json\/wp\/v2\/pages\/16861\/revisions"}],"predecessor-version":[{"id":17280,"href":"https:\/\/dhofardelight.com\/fr\/wp-json\/wp\/v2\/pages\/16861\/revisions\/17280"}],"wp:featuredmedia":[{"embeddable":true,"href":"https:\/\/dhofardelight.com\/fr\/wp-json\/wp\/v2\/media\/16768"}],"wp:attachment":[{"href":"https:\/\/dhofardelight.com\/fr\/wp-json\/wp\/v2\/media?parent=16861"}],"curies":[{"name":"wp","href":"https:\/\/api.w.org\/{rel}","templated":true}]}}